{"id":923,"date":"2021-12-29T16:03:52","date_gmt":"2021-12-29T16:03:52","guid":{"rendered":"https:\/\/barmstedt-geschichte.de\/?page_id=923"},"modified":"2021-12-29T16:03:53","modified_gmt":"2021-12-29T16:03:53","slug":"wikinger","status":"publish","type":"page","link":"https:\/\/barmstedt-geschichte.de\/?page_id=923","title":{"rendered":"Wikinger"},"content":{"rendered":"\n<p>Derartige Wikingerz\u00fcge der Nordm\u00e4nner\/Normannen aus dem Gebiet D\u00e4nemarks, Norwegens und Schwedens fanden au\u00dfer auf Siedlungen im Unterelbe- und Wesergebiet auch gegen Siedlungen in England, Nordgallien und Friesland, Irland, gegen die spanische S\u00fcdk\u00fcste, Marokko (844) und im Mittelmeerraum (859) statt, \u00fcber die Ostsee und die osteurop\u00e4ischen Flussl\u00e4ufe zogen kleinere Verb\u00e4nde bis nach Konstantinopel, wo sie Raubz\u00fcge um Gold und Sklaven durchf\u00fchren, teils Handel trieben, aber auch Herrschaften aufbauten. (4) Eine kleine Flotte unter dem Gr\u00f6nl\u00e4nder Leif Erikson erreichte sogar um das Jahr 1000 Nordamerika, das er Vinland nannte. England wurde vom 9. bis zum 11. Jahrhundert in gro\u00dfen Teilen von D\u00e4nen und Norwegern beherrscht, der d\u00e4nische K\u00f6nig Knut (1016-1042) wurde sowohl in England (Danelag) als auch in Norwegen und Schweden als K\u00f6nig anerkannt. Im n\u00f6rdlichen Frankenreich erhielt der Wikingerf\u00fcrst Rollo 911 den Unterlauf der Seine als Lehen, wodurch die Normandie als eigenst\u00e4ndiges Gebiet entstand. Die Normannen wurden in der Folge ebenso wie die D\u00e4nen, Norweger und Schweden christianisiert. Ihre Herrschaft unterschied sich wenig von der einheimischer F\u00fcrsten.<\/p>\n","protected":false},"excerpt":{"rendered":"<p>Derartige Wikingerz\u00fcge der Nordm\u00e4nner\/Normannen aus dem Gebiet D\u00e4nemarks, Norwegens und Schwedens fanden au\u00dfer auf Siedlungen im Unterelbe- und Wesergebiet auch gegen Siedlungen in England, Nordgallien und Friesland, Irland, gegen die spanische S\u00fcdk\u00fcste, Marokko (844) und im Mittelmeerraum (859) statt, \u00fcber die Ostsee und die osteurop\u00e4ischen Flussl\u00e4ufe zogen kleinere Verb\u00e4nde bis nach Konstantinopel, wo sie Raubz\u00fcge<\/p><\/div>\n<div class=\"blog-btn\"><a href=\"https:\/\/barmstedt-geschichte.de\/?page_id=923\" class=\"home-blog-btn\">Weiterlesen<\/a><\/p>\n","protected":false},"author":1,"featured_media":0,"parent":0,"menu_order":0,"comment_status":"closed","ping_status":"closed","template":"","meta":{"ngg_post_thumbnail":0,"footnotes":""},"class_list":["post-923","page","type-page","status-publish","hentry"],"_links":{"self":[{"href":"https:\/\/barmstedt-geschichte.de\/index.php?rest_route=\/wp\/v2\/pages\/923","targetHints":{"allow":["GET"]}}],"collection":[{"href":"https:\/\/barmstedt-geschichte.de\/index.php?rest_route=\/wp\/v2\/pages"}],"about":[{"href":"https:\/\/barmstedt-geschichte.de\/index.php?rest_route=\/wp\/v2\/types\/page"}],"author":[{"embeddable":true,"href":"https:\/\/barmstedt-geschichte.de\/index.php?rest_route=\/wp\/v2\/users\/1"}],"replies":[{"embeddable":true,"href":"https:\/\/barmstedt-geschichte.de\/index.php?rest_route=%2Fwp%2Fv2%2Fcomments&post=923"}],"version-history":[{"count":1,"href":"https:\/\/barmstedt-geschichte.de\/index.php?rest_route=\/wp\/v2\/pages\/923\/revisions"}],"predecessor-version":[{"id":924,"href":"https:\/\/barmstedt-geschichte.de\/index.php?rest_route=\/wp\/v2\/pages\/923\/revisions\/924"}],"wp:attachment":[{"href":"https:\/\/barmstedt-geschichte.de\/index.php?rest_route=%2Fwp%2Fv2%2Fmedia&parent=923"}],"curies":[{"name":"wp","href":"https:\/\/api.w.org\/{rel}","templated":true}]}}