{"id":853,"date":"2021-09-24T14:22:08","date_gmt":"2021-09-24T14:22:08","guid":{"rendered":"https:\/\/barmstedt-geschichte.de\/?page_id=853"},"modified":"2024-02-20T13:28:19","modified_gmt":"2024-02-20T13:28:19","slug":"geschichte","status":"publish","type":"page","link":"https:\/\/barmstedt-geschichte.de\/?page_id=853","title":{"rendered":"Geschichte"},"content":{"rendered":"\n<h2 class=\"wp-block-heading\">Barmstedts Geschichte in Kapiteln<\/h2>\n\n\n\n<figure class=\"wp-block-table\"><table><tbody><tr><td><\/td><td><strong>Zeitraum<\/strong><\/td><td><strong>Epoche<\/strong><\/td><\/tr><tr><td>1.<\/td><td>bis 600 n.Chr.<\/td><td><a href=\"https:\/\/barmstedt-geschichte.de\/?page_id=876\" data-type=\"page\" data-id=\"876\">Vor und Fr\u00fchgeschichte in Holstein<\/a><\/td><\/tr><tr><td>2.<\/td><td>700 &#8211; 1100<\/td><td><a href=\"https:\/\/barmstedt-geschichte.de\/?page_id=874\" data-type=\"page\" data-id=\"874\">Fr\u00fches und Hochmittelalter<\/a><\/td><\/tr><tr><td>3.<\/td><td>1100 &#8211; 1300<\/td><td><a href=\"https:\/\/barmstedt-geschichte.de\/?page_id=872\" data-type=\"page\" data-id=\"872\">Die Ritter von Barmstede<\/a><\/td><\/tr><tr><td>4.<\/td><td>1300 &#8211; 1500<\/td><td><a href=\"https:\/\/barmstedt-geschichte.de\/?page_id=870\" data-type=\"page\" data-id=\"870\">Schauenburger, Ritter und das Amt Barmstedt<\/a><\/td><\/tr><tr><td>5.<\/td><td>1500 &#8211; 1648<\/td><td><a href=\"https:\/\/barmstedt-geschichte.de\/?page_id=868\" data-type=\"page\" data-id=\"868\">Fr\u00fche Neuzeit im Amt Barmstedt<\/a><\/td><\/tr><tr><td>6.<\/td><td>1649 &#8211; 1726<\/td><td><a href=\"https:\/\/barmstedt-geschichte.de\/?page_id=866\" data-type=\"page\" data-id=\"866\">Die Grafschaft Rantzau und ihre Grafen<\/a><\/td><\/tr><tr><td>7.<\/td><td>1726 &#8211; 1780<\/td><td><a href=\"https:\/\/barmstedt-geschichte.de\/?page_id=864\" data-type=\"page\" data-id=\"864\">Grafschaft Rantzau als Administratur im d\u00e4nischen Gesamtstaat &#8211; in vornapoleonischer Zeit<\/a><\/td><\/tr><tr><td>8.<\/td><td>1780 &#8211; 1864<\/td><td><a href=\"https:\/\/barmstedt-geschichte.de\/?page_id=862\" data-type=\"page\" data-id=\"862\">Revolutionen und nationale Bewegungen gegen den absolutistischen Staat &#8211; bis zum Ende der d\u00e4nischen Herrschaft<\/a><\/td><\/tr><tr><td>9.<\/td><td>1864 &#8211; 1918<\/td><td><a href=\"https:\/\/barmstedt-geschichte.de\/?page_id=860\" data-type=\"page\" data-id=\"860\">Preu\u00dfische Provinz: 1864 \u2013 1918<\/a><\/td><\/tr><\/tbody><\/table><\/figure>\n\n\n\n<p>Von der Steinzeit bis zum Ende des 19. Jahrhunderts reicht bisher der Zeitraum, aus dem Sie auf diesen Seiten Interessantes aus der Geschichte Barmstedts und des Urkirchspiels Barmstedt erfahren k\u00f6nnen. Aus diesem recht gro\u00dfen Gebiet war im 17. Jahrhundert die Grafschaft Rantzau geworden, im 19. Jahrhundert der n\u00f6rdliche Teil des Kreises Pinneberg und heute das Amt Rantzau mit Barmstedt im Zentrum. Elmshorn mit seinen umgebenden D\u00f6rfern hatte urspr\u00fcnglich dazugeh\u00f6rt, war im 14. Jahrhundert als Kirchspiel, nicht aber vom Verwaltungsbezirk des Amts Barmstedt bzw. der Administratur der Grafschaft Rantzau abgetrennt worden. Erst 1868 endete diese besondere Verbindung mit Barmstedt. Das 20. Jahrhundert ist bisher noch nicht beschrieben, da f\u00fcr diese Zeit bisher kaum Darstellungen vorhanden waren. Wir haben uns aber das Ziel gesetzt, diese gro\u00dfe Baustelle nach und nach mit Inhalt zu f\u00fcllen.<\/p>\n\n\n\n<p>Im Jahr 2015 feierte Barmstedt das 875-j\u00e4hrige Jubil\u00e4um. Aus diesem Anlass hat unsere Geschichtsgruppe mit Unterst\u00fctzung der Stadt damit begonnen, einige historische Geb\u00e4ude, Orte und Naturdenkm\u00e4ler mit Infotafeln zu versehen. Das Heft 1 unserer neuen Brosch\u00fcrenreihe ist im Sommer 2015 erschienen. Es enth\u00e4lt einen ausf\u00fchrlichen Abriss zur Geschichte Barmstedts und der Grafschaft Rantzau bis ca. 1780 sowie Reportagen zu unterschiedlichen Themen der Barmstedter Geschichte. Wir arbeiten bereits an Heft 2 und wollen &#8211; soviel sei schon verraten &#8211; die st\u00fcrmische und teils dramatische Entwicklung im 19. Jahrhundert darstellen und verschiedene Orte in ihrer Ver\u00e4nderung in der Zeit. Unsere Gruppe hat sich dar\u00fcberhinaus vorgenommen, die bisher vernachl\u00e4ssigte Zeit der beiden Weltkriege und des Nationalsozialismus zu erforschen. Unser Archiv ist dank Schenkungen gro\u00dfer Mengen an Material, v. a. der meisten Jahrg\u00e4nge der Barmstedter Zeitung, deren Digitalisierung und unserer neuen Archivr\u00e4ume schon recht gut ausgestattet und erschlossen. Wir suchen aber weiterhin Materialien wie Zeitungen bestimmter noch fehlender Jahrg\u00e4nge, Bilder oder andere Quellen, auch Tageb\u00fccher und private Aufzeichungen. Besonders wichtig sind uns Zeitzeugen oder andere Berichte. K\u00f6nnten auch Sie etwas erz\u00e4hlen? Kennen Sie jemanden, der oder die diese Zeit noch miterlebt hat und erz\u00e4hlen k\u00f6nnte? Bitte wenden Sie sich an uns. Entweder direkt an eines unserer Gruppenmitglieder oder \u00fcber die E-Mail Adresse redaktion@barmstedt-geschichte  .<\/p>\n","protected":false},"excerpt":{"rendered":"<p>Barmstedts Geschichte in Kapiteln Zeitraum Epoche 1. bis 600 n.Chr. Vor und Fr\u00fchgeschichte in Holstein 2. 700 &#8211; 1100 Fr\u00fches und Hochmittelalter 3. 1100 &#8211; 1300 Die Ritter von Barmstede 4. 1300 &#8211; 1500 Schauenburger, Ritter und das Amt Barmstedt 5. 1500 &#8211; 1648 Fr\u00fche Neuzeit im Amt Barmstedt 6. 1649 &#8211; 1726 Die Grafschaft<\/p><\/div>\n<div class=\"blog-btn\"><a href=\"https:\/\/barmstedt-geschichte.de\/?page_id=853\" class=\"home-blog-btn\">Weiterlesen<\/a><\/p>\n","protected":false},"author":1,"featured_media":0,"parent":0,"menu_order":0,"comment_status":"closed","ping_status":"closed","template":"","meta":{"ngg_post_thumbnail":0,"footnotes":""},"class_list":["post-853","page","type-page","status-publish","hentry"],"_links":{"self":[{"href":"https:\/\/barmstedt-geschichte.de\/index.php?rest_route=\/wp\/v2\/pages\/853","targetHints":{"allow":["GET"]}}],"collection":[{"href":"https:\/\/barmstedt-geschichte.de\/index.php?rest_route=\/wp\/v2\/pages"}],"about":[{"href":"https:\/\/barmstedt-geschichte.de\/index.php?rest_route=\/wp\/v2\/types\/page"}],"author":[{"embeddable":true,"href":"https:\/\/barmstedt-geschichte.de\/index.php?rest_route=\/wp\/v2\/users\/1"}],"replies":[{"embeddable":true,"href":"https:\/\/barmstedt-geschichte.de\/index.php?rest_route=%2Fwp%2Fv2%2Fcomments&post=853"}],"version-history":[{"count":14,"href":"https:\/\/barmstedt-geschichte.de\/index.php?rest_route=\/wp\/v2\/pages\/853\/revisions"}],"predecessor-version":[{"id":1505,"href":"https:\/\/barmstedt-geschichte.de\/index.php?rest_route=\/wp\/v2\/pages\/853\/revisions\/1505"}],"wp:attachment":[{"href":"https:\/\/barmstedt-geschichte.de\/index.php?rest_route=%2Fwp%2Fv2%2Fmedia&parent=853"}],"curies":[{"name":"wp","href":"https:\/\/api.w.org\/{rel}","templated":true}]}}