{"id":78,"date":"2021-02-25T12:44:26","date_gmt":"2021-02-25T12:44:26","guid":{"rendered":"https:\/\/barmstedt-geschichte.de\/?page_id=78"},"modified":"2021-03-20T18:32:44","modified_gmt":"2021-03-20T18:32:44","slug":"band-2","status":"publish","type":"page","link":"https:\/\/barmstedt-geschichte.de\/?page_id=78","title":{"rendered":"Heft 2"},"content":{"rendered":"\n<div class=\"wp-block-image\"><figure class=\"alignright size-large is-resized\"><img loading=\"lazy\" decoding=\"async\" src=\"https:\/\/barmstedt-geschichte.de\/wp-content\/uploads\/2021\/03\/Heft2-Schatten-730x1024.png\" alt=\"\" class=\"wp-image-140\" width=\"258\" height=\"361\" srcset=\"https:\/\/barmstedt-geschichte.de\/wp-content\/uploads\/2021\/03\/Heft2-Schatten-730x1024.png 730w, https:\/\/barmstedt-geschichte.de\/wp-content\/uploads\/2021\/03\/Heft2-Schatten-214x300.png 214w, https:\/\/barmstedt-geschichte.de\/wp-content\/uploads\/2021\/03\/Heft2-Schatten-768x1077.png 768w, https:\/\/barmstedt-geschichte.de\/wp-content\/uploads\/2021\/03\/Heft2-Schatten-300x421.png 300w, https:\/\/barmstedt-geschichte.de\/wp-content\/uploads\/2021\/03\/Heft2-Schatten-850x1193.png 850w, https:\/\/barmstedt-geschichte.de\/wp-content\/uploads\/2021\/03\/Heft2-Schatten.png 871w\" sizes=\"auto, (max-width: 258px) 100vw, 258px\" \/><figcaption>Barmstedt-Geschichte, Heft 2, Dezember 2017 E-Mail: redaktion@barmstedt-geschichte.de Layout: Andreas Lenz<\/figcaption><\/figure><\/div>\n\n\n\n<p>Nach dem gro\u00dfen Interesse an unserer ersten Ausgabe der \u00bbBarmstedt-Geschichte\u00ab waren wir fest entschlossen, die Reihe fortzusetzen, und wegen der schieren Menge an Material, das uns durch unser immer gr\u00f6\u00dfer werdendes Archiv zur Verf\u00fcgung steht, blieb uns ja auch gar nichts anderes \u00fcbrig. Zun\u00e4chst wird nat\u00fcrlich die chronologische Geschichte Barmstedts von Michael Theilig weitererz\u00e4hlt. Vom Ende des 18. Jahrhunderts bis zum Beginn des Kaiserreichs reicht der Zeitbereich, der in dieser Ausgabe beleuchtet wird. Zwei besondere Orte Barmstedts m\u00f6chten wir vorstellen: Jan Teegen hat die Geschichte des Kriegerdenkmals f\u00fcr die Gefallenen des Krieges 1870\/71, das weitgehend unbemerkt in der Chemnitzstra\u00dfe steht, n\u00e4her untersucht. Der Barmstedter Marktplatz und seine n\u00e4here Umgebung, der als Ortsmittelpunkt eine lange Geschichte zu erz\u00e4hlen hat, wird mit vielen alten Fotos von Andreas Lenz vorgestellt. Aus den vielen Grootend\u00f6rper Geschichten, die Ernst-Adolf Wiechers in Erinnerung an das \u00bbalte\u00ab Barmstedt seiner Kindheit und Jugend geschrieben und ver\u00f6ffentlicht hat, haben wir zwei Geschichten ausgesucht, die zeigen, wie viel anders doch die allt\u00e4glichen Lebensumst\u00e4nde noch vor ein paar Jahrzehnten waren. Aus dem Nachlass einer Barmstedter Familie konnten wir die Briefe des Tischergesellen G\u00f6rris Holst sichten und haben zwei davon hier abgedruckt. <\/p>\n\n\n\n<figure class=\"wp-block-image size-large\"><img loading=\"lazy\" decoding=\"async\" width=\"822\" height=\"660\" src=\"https:\/\/barmstedt-geschichte.de\/wp-content\/uploads\/2021\/03\/Heft2_Buchpraesentation_30p.jpg\" alt=\"\" class=\"wp-image-133\" srcset=\"https:\/\/barmstedt-geschichte.de\/wp-content\/uploads\/2021\/03\/Heft2_Buchpraesentation_30p.jpg 822w, https:\/\/barmstedt-geschichte.de\/wp-content\/uploads\/2021\/03\/Heft2_Buchpraesentation_30p-300x241.jpg 300w, https:\/\/barmstedt-geschichte.de\/wp-content\/uploads\/2021\/03\/Heft2_Buchpraesentation_30p-768x617.jpg 768w\" sizes=\"auto, (max-width: 822px) 100vw, 822px\" \/><figcaption>Sie haben neben weiteren Autoren an dem neuen Heft der Geschichtswerkstatt mitgeschrieben (von links): Jan Teegen, Andreas Lenz und Michael Theilig. (Foto: UTHOFF)<\/figcaption><\/figure>\n\n\n\n<p>Barmstedt wurde lange Zeit als \u00bbWaldstadt Barmstedt\u00ab bezeichnet. Aber stimmt das auch? Hans-Albrecht Hewicker hat sich mit diesem Thema besch\u00e4ftigt und eine kleine Naturgeschichte Barmstedts verfasst. Seit \u00fcber 25 Jahren betreut der NABU das Klein-Offenseth-Bokelsesser Moor. Die Geschichte der Renaturierung dieses Moors hat Hans-J\u00fcrgen Raddatz zusamengetragen. Wir haben also einiges Interessantes, f\u00fcr viele unserer Leser auch bisher Unbekanntes zusammengetragen. An dieser Stelle m\u00f6chten wir auch auf den Wissens- und Dokumentenschatz von Peter Steenbuck und Gerhard Glismann hinweisen, ohne die auch diese Ausgabe der \u00bbBarms- tedt-Geschichte\u00ab nicht zustande gekommen w\u00e4re.<\/p>\n\n\n\n<p>Auf 196 Seiten schreiben f\u00fcnf Autoren \u00fcber die Geschichte Barmstedts im 19. Jahrhundert aus unterschiedlichen Perspektiven:<\/p>\n\n\n\n<ul class=\"wp-block-list\"><li>Besondere Orte: Der Barmstedter Marktplatz und seine Geschichte<\/li><li>Barmstedt im 19. Jahrhundert: Von den napoleonischen Kriegen bis zur Reichsgr\u00fcndung<\/li><li><a href=\"https:\/\/www.shz.de\/lokales\/barmstedter-zeitung\/ein-denkmal-voller-geheimnisse-id18497236.html\" target=\"_blank\" rel=\"noreferrer noopener\">Das Kriegerdenkmal von 1870\/71<\/a><\/li><li>Die Waldstadt Barmstedt<\/li><li>\u00dcber 25 Jahre Moorschutz<\/li><li>Grootend\u00f6rper Geschichten<\/li><li>Briefe eines Tischlergesellen aus den 1840er Jahren<\/li><\/ul>\n\n\n\n<p>Das Heft ist f\u00fcr 20,- Euro im Buchhandel erh\u00e4ltlich. ISBN 978-3-00-054849-9.<br><a href=\"https:\/\/www.shz.de\/lokales\/barmstedter-zeitung\/es-ist-ein-grossartiges-gefuehl-id18490671.html\" target=\"_blank\" rel=\"noreferrer noopener\">Artikel zum Heft in der Barmstedter Zeitung.<\/a><\/p>\n\n\n\n<p>Lust auf Probelesen?<\/p>\n\n\n\nngg_shortcode_0_placeholder\n","protected":false},"excerpt":{"rendered":"<p>Nach dem gro\u00dfen Interesse an unserer ersten Ausgabe der \u00bbBarmstedt-Geschichte\u00ab waren wir fest entschlossen, die Reihe fortzusetzen, und wegen der schieren Menge an Material, das uns durch unser immer gr\u00f6\u00dfer werdendes Archiv zur Verf\u00fcgung steht, blieb uns ja auch gar nichts anderes \u00fcbrig. Zun\u00e4chst wird nat\u00fcrlich die chronologische Geschichte Barmstedts von Michael Theilig weitererz\u00e4hlt. Vom<\/p><\/div>\n<div class=\"blog-btn\"><a href=\"https:\/\/barmstedt-geschichte.de\/?page_id=78\" class=\"home-blog-btn\">Weiterlesen<\/a><\/p>\n","protected":false},"author":1,"featured_media":0,"parent":29,"menu_order":1,"comment_status":"closed","ping_status":"closed","template":"","meta":{"ngg_post_thumbnail":0,"footnotes":""},"class_list":["post-78","page","type-page","status-publish","hentry"],"_links":{"self":[{"href":"https:\/\/barmstedt-geschichte.de\/index.php?rest_route=\/wp\/v2\/pages\/78","targetHints":{"allow":["GET"]}}],"collection":[{"href":"https:\/\/barmstedt-geschichte.de\/index.php?rest_route=\/wp\/v2\/pages"}],"about":[{"href":"https:\/\/barmstedt-geschichte.de\/index.php?rest_route=\/wp\/v2\/types\/page"}],"author":[{"embeddable":true,"href":"https:\/\/barmstedt-geschichte.de\/index.php?rest_route=\/wp\/v2\/users\/1"}],"replies":[{"embeddable":true,"href":"https:\/\/barmstedt-geschichte.de\/index.php?rest_route=%2Fwp%2Fv2%2Fcomments&post=78"}],"version-history":[{"count":5,"href":"https:\/\/barmstedt-geschichte.de\/index.php?rest_route=\/wp\/v2\/pages\/78\/revisions"}],"predecessor-version":[{"id":443,"href":"https:\/\/barmstedt-geschichte.de\/index.php?rest_route=\/wp\/v2\/pages\/78\/revisions\/443"}],"up":[{"embeddable":true,"href":"https:\/\/barmstedt-geschichte.de\/index.php?rest_route=\/wp\/v2\/pages\/29"}],"wp:attachment":[{"href":"https:\/\/barmstedt-geschichte.de\/index.php?rest_route=%2Fwp%2Fv2%2Fmedia&parent=78"}],"curies":[{"name":"wp","href":"https:\/\/api.w.org\/{rel}","templated":true}]}}