{"id":76,"date":"2021-02-25T12:44:00","date_gmt":"2021-02-25T12:44:00","guid":{"rendered":"https:\/\/barmstedt-geschichte.de\/?page_id=76"},"modified":"2021-03-07T10:17:20","modified_gmt":"2021-03-07T10:17:20","slug":"band-1","status":"publish","type":"page","link":"https:\/\/barmstedt-geschichte.de\/?page_id=76","title":{"rendered":"Heft 1"},"content":{"rendered":"\n<div class=\"wp-block-image\"><figure class=\"alignright size-large is-resized\"><img loading=\"lazy\" decoding=\"async\" src=\"https:\/\/barmstedt-geschichte.de\/wp-content\/uploads\/2021\/02\/Heft1_Titelbild_2015.jpg\" alt=\"\" class=\"wp-image-102\" width=\"193\" height=\"273\" srcset=\"https:\/\/barmstedt-geschichte.de\/wp-content\/uploads\/2021\/02\/Heft1_Titelbild_2015.jpg 300w, https:\/\/barmstedt-geschichte.de\/wp-content\/uploads\/2021\/02\/Heft1_Titelbild_2015-212x300.jpg 212w\" sizes=\"auto, (max-width: 193px) 100vw, 193px\" \/><figcaption>Barmstedt Geschichte &#8211; Heft 1<\/figcaption><\/figure><\/div>\n\n\n\n<p>Unsere Brosch\u00fcre Barmstedt-Geschichte, Heft 1 ist der Anfang einer Reihe, die unser im Internet begonnenes Projekt in handlich lesbarer Form fortsetzen soll. W\u00e4hrend die Webseite st\u00e4ndig ver\u00e4ndert, weil neue Abschnitte in Angriff genommen werden, neu gefundene und ausgewertete Quellen dazukommen, neue Themen aufgenommen werden oder durch neue technische M\u00f6glichkeiten die Wissenspr\u00e4sentation ver\u00e4ndert oder das Aussehen verbessert werden kann, bleiben B\u00fccher demgegen\u00fcber so wie sie einmal gedruckt wurden. Damit haben sie nat\u00fcrlich den Vorteil der Best\u00e4ndigkeit und die meisten von uns lesen B\u00fccher lieber als Bildschirmseiten. Zeitungen sind eine Zwischenform. Zwar sind sie gedruckt, verlieren aber am Tag nach ihrem Erscheinen schon ihre Aktualit\u00e4t und werden deshalb durch eine neue ersetzt. Aufbewahren ist schwierig, wenn man nicht dazu neigt, Interessantes gleich zu archivieren.<\/p>\n\n\n\n<div class=\"wp-block-image\"><figure class=\"aligncenter size-large\"><img loading=\"lazy\" decoding=\"async\" width=\"374\" height=\"187\" src=\"https:\/\/barmstedt-geschichte.de\/wp-content\/uploads\/2021\/02\/Heft1_Redaktion.jpg\" alt=\"\" class=\"wp-image-90\" srcset=\"https:\/\/barmstedt-geschichte.de\/wp-content\/uploads\/2021\/02\/Heft1_Redaktion.jpg 374w, https:\/\/barmstedt-geschichte.de\/wp-content\/uploads\/2021\/02\/Heft1_Redaktion-300x150.jpg 300w\" sizes=\"auto, (max-width: 374px) 100vw, 374px\" \/><figcaption>Die Redaktion: Helga Pergande, Andreas Lenz, Michael Theilig, Jan Teegen (von links)<\/figcaption><\/figure><\/div>\n\n\n\n<p>Darum haben wir aus dem bisher zusammengetragenen Fundus auf dem Barmstedt-Wiki und aus dem reichen Angebot alter Zeitungen, v. a. der Barmstedter Zeitung, Texte, Bilder und Karten ausgew\u00e4hlt, redigiert und kommentiert, die einen neuen Zugang zu unserer lokalen Geschichte erm\u00f6glichen. Neben den in letzter Zeit erschienenen B\u00fcchern von Peter Steenbuck, Claudia Kollschen und Helmut Trede bieten wir damit f\u00fcr die B\u00fccherfreunde &#8211; und das sind wir alle! &#8211; eine lesbare Chronik der Ortsgeschichte und zus\u00e4tzliche Reportagen zu einigen, wie wir meinen, interessanten und wichtigen Entwicklungen, Personen und Ereignissen aus dem 20. Jahrhundert.<\/p>\n\n\n\n<p>Da die Seitenzahl einer Brosch\u00fcre begrenzt ist, unser Material aber unermesslich, haben wir uns f\u00fcr eine Serie von Heften entschieden. So k\u00f6nnen wir nach und nach vergessene Epochen und Episoden sowie Menschen, die Wichtiges dazu beigetragen haben, Entwicklungen voranzutreiben und Dinge zu ver\u00e4ndern, wieder bekannt machen.<\/p>\n\n\n\n<p>In unserem ersten Heft ist leider ein Fehler in der Gliederung vor dem Druck nicht mehr korrigierbar gewesen. F\u00e4lschlicherweise ist die Kapitel\u00fcberschrift &#8222;Das Amt Barmstedt als Teil der Grafschaft Holstein-Pinneberg&#8220; auch den Kapiteln &#8222;Die freie und Reichsgrafschaft Rantzau&#8220; und &#8222;Barmstedt unter d\u00e4nischer Herrschaft&#8220; \u00fcbergeordnet. Das ist nat\u00fcrlich falsch, da diese beiden Epochen nicht als Unterkapitel in die Schauenburger Zeit einzuordnen sind. Leider wurde diese Zuordnung durch einen technischen Fehler falsch \u00fcbermittelt und kam so in Druck. Wir bitten um Entschuldigung. Ebenso gibt es auf S. 17 einen Fehler in der Jahreszahl: Es muss hei\u00dfen: &#8222;\u2026und nach 1138 auf den alten Fundamenten wiederaufgebaut worden ist\u2026&#8220; Nat\u00fcrlich bitten wir prophylaktisch auch um Nachsicht f\u00fcr alle Fehler, die dar\u00fcber hinaus enthalten sind oder sein k\u00f6nnten.<\/p>\n\n\n\n<p>Unser Gebiet der Geschichte hat es an sich, dass Quellenkenntnis und Quellenkritik abh\u00e4ngig sind von der \u00dcbersicht, dem Flei\u00df und der historischen Kompetenz der jeweiligen Forscher. Einiges, was bisher als sicher galt, gilt manchmal nicht mehr, weil sich Fehler in der Interpretation des Materials oder eine andere Einsch\u00e4tzung der Glaubw\u00fcrdigkeit der Quelle ergeben haben. Aus dem Grunde ist eine st\u00e4ndige Auseinandersetzung wichtig und wir als Gruppe von Forschern der Barmstedter Geschichte haben genau diesen lebhaften Prozess zum Ziel. Gerade wenn es um das 20. Jahrhundert geht, werden wir diese Diskussion brauchen. Wie war es eigentlich wirklich? Ist diese Entwicklung eine Barmstedter Besonderheit oder war es im Umland \u00e4hnlich? Wodurch wurde das Ereignis ausgel\u00f6st? Diese und \u00e4hnliche Fragen werden wir uns stellen und Antworten suchen. Wir hoffen auf das Interesse aller Barmstedter und an der Geschichte unseres Ortes und der ehemaligen Grafschaft Interessierten und freuen uns \u00fcber jede Zuschrift, Kritik, Erg\u00e4nzung und Korrektur.<\/p>\n\n\n\n<p>Lust auf Probelesen?<\/p>\n\n\n\nngg_shortcode_0_placeholder\n","protected":false},"excerpt":{"rendered":"<p>Unsere Brosch\u00fcre Barmstedt-Geschichte, Heft 1 ist der Anfang einer Reihe, die unser im Internet begonnenes Projekt in handlich lesbarer Form fortsetzen soll. W\u00e4hrend die Webseite st\u00e4ndig ver\u00e4ndert, weil neue Abschnitte in Angriff genommen werden, neu gefundene und ausgewertete Quellen dazukommen, neue Themen aufgenommen werden oder durch neue technische M\u00f6glichkeiten die Wissenspr\u00e4sentation ver\u00e4ndert oder das Aussehen<\/p><\/div>\n<div class=\"blog-btn\"><a href=\"https:\/\/barmstedt-geschichte.de\/?page_id=76\" class=\"home-blog-btn\">Weiterlesen<\/a><\/p>\n","protected":false},"author":1,"featured_media":0,"parent":29,"menu_order":0,"comment_status":"closed","ping_status":"closed","template":"","meta":{"ngg_post_thumbnail":0,"footnotes":""},"class_list":["post-76","page","type-page","status-publish","hentry"],"_links":{"self":[{"href":"https:\/\/barmstedt-geschichte.de\/index.php?rest_route=\/wp\/v2\/pages\/76","targetHints":{"allow":["GET"]}}],"collection":[{"href":"https:\/\/barmstedt-geschichte.de\/index.php?rest_route=\/wp\/v2\/pages"}],"about":[{"href":"https:\/\/barmstedt-geschichte.de\/index.php?rest_route=\/wp\/v2\/types\/page"}],"author":[{"embeddable":true,"href":"https:\/\/barmstedt-geschichte.de\/index.php?rest_route=\/wp\/v2\/users\/1"}],"replies":[{"embeddable":true,"href":"https:\/\/barmstedt-geschichte.de\/index.php?rest_route=%2Fwp%2Fv2%2Fcomments&post=76"}],"version-history":[{"count":11,"href":"https:\/\/barmstedt-geschichte.de\/index.php?rest_route=\/wp\/v2\/pages\/76\/revisions"}],"predecessor-version":[{"id":342,"href":"https:\/\/barmstedt-geschichte.de\/index.php?rest_route=\/wp\/v2\/pages\/76\/revisions\/342"}],"up":[{"embeddable":true,"href":"https:\/\/barmstedt-geschichte.de\/index.php?rest_route=\/wp\/v2\/pages\/29"}],"wp:attachment":[{"href":"https:\/\/barmstedt-geschichte.de\/index.php?rest_route=%2Fwp%2Fv2%2Fmedia&parent=76"}],"curies":[{"name":"wp","href":"https:\/\/api.w.org\/{rel}","templated":true}]}}