{"id":510,"date":"2021-04-08T12:23:02","date_gmt":"2021-04-08T12:23:02","guid":{"rendered":"https:\/\/barmstedt-geschichte.de\/?page_id=510"},"modified":"2021-04-08T19:20:21","modified_gmt":"2021-04-08T19:20:21","slug":"recherche","status":"publish","type":"page","link":"https:\/\/barmstedt-geschichte.de\/?page_id=510","title":{"rendered":"Recherche"},"content":{"rendered":"\n<p><strong>Adressb\u00fccher<\/strong><\/p>\n\n\n\n<p>Aus dem Zeitraum von 1857 bis 1971 existieren diverse Adressb\u00fccher. Viele dieser Adressb\u00fccher enthalten neben dem Ort Barmstedt auch alle anderen Schleswig-Holsteiner Orte. Auf dieser <a href=\"https:\/\/barmstedt-geschichte.de\/?page_id=512\" data-type=\"page\" data-id=\"512\">Seite<\/a> haben wir die Adressenb\u00fccher zusammengefasst. <\/p>\n\n\n\n<figure class=\"wp-block-image size-large is-resized\"><a href=\"https:\/\/barmstedt-geschichte.de\/?page_id=512\"><img loading=\"lazy\" decoding=\"async\" src=\"https:\/\/barmstedt-geschichte.de\/wp-content\/uploads\/2021\/04\/AB_Barmstedt_Preview_1926.jpg\" alt=\"\" class=\"wp-image-592\" width=\"99\" height=\"170\"\/><\/a><\/figure>\n\n\n\n<hr class=\"wp-block-separator\"\/>\n\n\n\n<p><strong>Telefonb\u00fccher<\/strong><\/p>\n\n\n\n<p>Bereits in dem Barmstedter Adressbuch aus dem Jahr 1903 werden bei einigen Einwohnern Telefonnummern genannt. Auff\u00e4llig ist, dass besonders in den 1920er Jahren in der Barmstedter Zeitung vermehrt Inserate von Gewerbetreibenden existieren, die ihren neu erhaltenen Telefonanschluss bekanntgeben. Die in unserem Archiv vorhandenen Telefonb\u00fccher reichen von <a href=\"https:\/\/barmstedt-geschichte.de\/?page_id=719\" data-type=\"page\" data-id=\"719\">1941 bis ins Jahr 1990<\/a>. <\/p>\n\n\n\n<figure class=\"wp-block-image size-large is-resized\"><a href=\"https:\/\/barmstedt-geschichte.de\/?page_id=719\"><img loading=\"lazy\" decoding=\"async\" src=\"https:\/\/barmstedt-geschichte.de\/wp-content\/uploads\/2021\/04\/Telefonbuch_cover_overview.jpg\" alt=\"\" class=\"wp-image-758\" width=\"161\" height=\"223\" srcset=\"https:\/\/barmstedt-geschichte.de\/wp-content\/uploads\/2021\/04\/Telefonbuch_cover_overview.jpg 225w, https:\/\/barmstedt-geschichte.de\/wp-content\/uploads\/2021\/04\/Telefonbuch_cover_overview-216x300.jpg 216w\" sizes=\"auto, (max-width: 161px) 100vw, 161px\" \/><\/a><\/figure>\n","protected":false},"excerpt":{"rendered":"<p>Adressb\u00fccher Aus dem Zeitraum von 1857 bis 1971 existieren diverse Adressb\u00fccher. Viele dieser Adressb\u00fccher enthalten neben dem Ort Barmstedt auch alle anderen Schleswig-Holsteiner Orte. Auf dieser Seite haben wir die Adressenb\u00fccher zusammengefasst. Telefonb\u00fccher Bereits in dem Barmstedter Adressbuch aus dem Jahr 1903 werden bei einigen Einwohnern Telefonnummern genannt. Auff\u00e4llig ist, dass besonders in den 1920er<\/p><\/div>\n<div class=\"blog-btn\"><a href=\"https:\/\/barmstedt-geschichte.de\/?page_id=510\" class=\"home-blog-btn\">Weiterlesen<\/a><\/p>\n","protected":false},"author":1,"featured_media":0,"parent":0,"menu_order":0,"comment_status":"closed","ping_status":"closed","template":"","meta":{"ngg_post_thumbnail":0,"footnotes":""},"class_list":["post-510","page","type-page","status-publish","hentry"],"_links":{"self":[{"href":"https:\/\/barmstedt-geschichte.de\/index.php?rest_route=\/wp\/v2\/pages\/510","targetHints":{"allow":["GET"]}}],"collection":[{"href":"https:\/\/barmstedt-geschichte.de\/index.php?rest_route=\/wp\/v2\/pages"}],"about":[{"href":"https:\/\/barmstedt-geschichte.de\/index.php?rest_route=\/wp\/v2\/types\/page"}],"author":[{"embeddable":true,"href":"https:\/\/barmstedt-geschichte.de\/index.php?rest_route=\/wp\/v2\/users\/1"}],"replies":[{"embeddable":true,"href":"https:\/\/barmstedt-geschichte.de\/index.php?rest_route=%2Fwp%2Fv2%2Fcomments&post=510"}],"version-history":[{"count":5,"href":"https:\/\/barmstedt-geschichte.de\/index.php?rest_route=\/wp\/v2\/pages\/510\/revisions"}],"predecessor-version":[{"id":762,"href":"https:\/\/barmstedt-geschichte.de\/index.php?rest_route=\/wp\/v2\/pages\/510\/revisions\/762"}],"wp:attachment":[{"href":"https:\/\/barmstedt-geschichte.de\/index.php?rest_route=%2Fwp%2Fv2%2Fmedia&parent=510"}],"curies":[{"name":"wp","href":"https:\/\/api.w.org\/{rel}","templated":true}]}}