{"id":35,"date":"2021-02-21T10:22:17","date_gmt":"2021-02-21T10:22:17","guid":{"rendered":"https:\/\/barmstedt-geschichte.de\/?page_id=35"},"modified":"2024-06-16T05:08:12","modified_gmt":"2024-06-16T05:08:12","slug":"impressum","status":"publish","type":"page","link":"https:\/\/barmstedt-geschichte.de\/?page_id=35","title":{"rendered":"Impressum"},"content":{"rendered":"\n<p><strong>Geschichtswerkstatt Barmstedt<br><\/strong>Michael Theilig, Andreas Lenz, Jan Teegen, Helmut M\u00fcller, Frank W\u00fcnsche u.a.<\/p>\n\n\n\n<p>Reichenstr. 8, 25355 Barmstedt<br>Tel. 04123-685 997<br>Email: redaktion@barmstedt-geschichte.de<\/p>\n\n\n\n<p><strong>Rechtliche Hinweise zu unseren Web-Seiten<\/strong><\/p>\n\n\n\n<p>Auf die aktuelle und zuk\u00fcnftige Gestaltung, die Inhalte oder die Urheberschaft der gelinkten\/verkn\u00fcpften Seiten hat die Geschichtswerkstatt Barmstedt keinerlei Einfluss. Deshalb distanziert sie sich hiermit ausdr\u00fccklich von allen Inhalten aller gelinkten\/verkn\u00fcpften Seiten, wenn diese nach der Linksetzung ver\u00e4ndert wurden. F\u00fcr illegale, fehlerhafte oder unvollst\u00e4ndige Inhalte und insbesondere f\u00fcr Sch\u00e4den, die aus der Nutzung oder Nichtnutzung solcherart dargebotener Informationen entstehen, haftet allein der Anbieter der Seite, auf welche verwiesen wurde, nicht derjenige, der \u00fcber Links auf die jeweilige Ver\u00f6ffentlichung lediglich verweist. Die Autoren sind bestrebt, in allen Publikationen die Urheberrechte der verwendeten Grafiken, Tondokumente, Videosequenzen und Texte zu beachten, von ihm selbst erstellte Grafiken, Tondokumente, Videosequenzen und Texte zu nutzen oder auf lizenzfreie Grafiken, Tondokumente, Videosequenzen und Texte zur\u00fcckzugreifen. Alle innerhalb des Internetangebotes genannten und ggf. durch Dritte gesch\u00fctzten Marken- und Warenzeichen unterliegen uneingeschr\u00e4nkt den Bestimmungen des jeweils g\u00fcltigen Kennzeichenrechts und den Besitzrechten der jeweiligen eingetragenen Eigent\u00fcmer. Allein aufgrund der blo\u00dfen Nennung ist nicht der Schlu\u00df zu ziehen, dass Markenzeichen nicht durch Rechte Dritter gesch\u00fctzt sind! Das Copyright f\u00fcr ver\u00f6ffentlichte, von den Autoren selbst erstellte Objekte bleibt allein bei der Geschichtswerkstatt Barmstedt. Eine Vervielf\u00e4ltigung oder Verwendung solcher Grafiken, Tondokumente, Videosequenzen und Texte in anderen elektronischen oder gedruckten Publikationen ist ohne ausdr\u00fcckliche Zustimmung der Geschichtswerkstatt Barmstedt nicht gestattet.<\/p>\n","protected":false},"excerpt":{"rendered":"<p>Geschichtswerkstatt BarmstedtMichael Theilig, Andreas Lenz, Jan Teegen, Helmut M\u00fcller, Frank W\u00fcnsche u.a. Reichenstr. 8, 25355 BarmstedtTel. 04123-685 997Email: redaktion@barmstedt-geschichte.de Rechtliche Hinweise zu unseren Web-Seiten Auf die aktuelle und zuk\u00fcnftige Gestaltung, die Inhalte oder die Urheberschaft der gelinkten\/verkn\u00fcpften Seiten hat die Geschichtswerkstatt Barmstedt keinerlei Einfluss. Deshalb distanziert sie sich hiermit ausdr\u00fccklich von allen Inhalten aller gelinkten\/verkn\u00fcpften<\/p><\/div>\n<div class=\"blog-btn\"><a href=\"https:\/\/barmstedt-geschichte.de\/?page_id=35\" class=\"home-blog-btn\">Weiterlesen<\/a><\/p>\n","protected":false},"author":1,"featured_media":0,"parent":0,"menu_order":0,"comment_status":"closed","ping_status":"closed","template":"","meta":{"ngg_post_thumbnail":0,"footnotes":""},"class_list":["post-35","page","type-page","status-publish","hentry"],"_links":{"self":[{"href":"https:\/\/barmstedt-geschichte.de\/index.php?rest_route=\/wp\/v2\/pages\/35","targetHints":{"allow":["GET"]}}],"collection":[{"href":"https:\/\/barmstedt-geschichte.de\/index.php?rest_route=\/wp\/v2\/pages"}],"about":[{"href":"https:\/\/barmstedt-geschichte.de\/index.php?rest_route=\/wp\/v2\/types\/page"}],"author":[{"embeddable":true,"href":"https:\/\/barmstedt-geschichte.de\/index.php?rest_route=\/wp\/v2\/users\/1"}],"replies":[{"embeddable":true,"href":"https:\/\/barmstedt-geschichte.de\/index.php?rest_route=%2Fwp%2Fv2%2Fcomments&post=35"}],"version-history":[{"count":3,"href":"https:\/\/barmstedt-geschichte.de\/index.php?rest_route=\/wp\/v2\/pages\/35\/revisions"}],"predecessor-version":[{"id":1583,"href":"https:\/\/barmstedt-geschichte.de\/index.php?rest_route=\/wp\/v2\/pages\/35\/revisions\/1583"}],"wp:attachment":[{"href":"https:\/\/barmstedt-geschichte.de\/index.php?rest_route=%2Fwp%2Fv2%2Fmedia&parent=35"}],"curies":[{"name":"wp","href":"https:\/\/api.w.org\/{rel}","templated":true}]}}