{"id":29,"date":"2021-02-21T08:43:32","date_gmt":"2021-02-21T08:43:32","guid":{"rendered":"https:\/\/barmstedt-geschichte.de\/?page_id=29"},"modified":"2021-02-25T13:09:41","modified_gmt":"2021-02-25T13:09:41","slug":"heftreihe","status":"publish","type":"page","link":"https:\/\/barmstedt-geschichte.de\/?page_id=29","title":{"rendered":"Heftreihe"},"content":{"rendered":"\n<p>Zwei Hefte unserer Barmstedt-Geschichte sind bisher erschienen. Auf der Grundlage der Texte dieser Webseite entstand eine recht umfassende Chronik der Ortsgeschichte Barmstedts und seiner n\u00e4heren Umgebung, vor allem der Grafschaft Rantzau. Dabei war es der Anspruch der Autoren, zwischen verl\u00e4sslicher wissenschaftlich fundierter Darstellung und f\u00fcr Laien guter Lesbarkeit das richtige Verh\u00e4ltnis zu finden. Bisher ist der Zeitraum von der Fr\u00fchzeit bis zur Gr\u00fcndung des Kaiserreichs erfasst. Die sp\u00e4teren Epochen werden in weiteren Folgen dargestellt &#8211; das ist jedenfalls der Plan. Umrahmt wird diese Chronik von einer gro\u00dfen Zahl neuerer und \u00e4lterer Texte, Bilder und Karten aus Barmstedts Geschichte und Gegenwart, die jeweils zum Schwerpunkt des Heftes passen. Sie sind zum Teil neu, zum Teil auch \u00e4lter und schon vor l\u00e4ngerer Zeit erschienen, aber aus unserer Sicht so wichtig, dass sie in einem Sammelband festgehalten werden sollten. Einige alte handschriftliche Texte wurden hier zum ersten Mal ver\u00f6ffentlicht.<\/p>\n\n\n\n<figure class=\"wp-block-image size-large\"><img loading=\"lazy\" decoding=\"async\" width=\"400\" height=\"210\" src=\"https:\/\/barmstedt-geschichte.de\/wp-content\/uploads\/2021\/02\/Heftreihe_Collage.jpg\" alt=\"\" class=\"wp-image-82\" srcset=\"https:\/\/barmstedt-geschichte.de\/wp-content\/uploads\/2021\/02\/Heftreihe_Collage.jpg 400w, https:\/\/barmstedt-geschichte.de\/wp-content\/uploads\/2021\/02\/Heftreihe_Collage-300x158.jpg 300w\" sizes=\"auto, (max-width: 400px) 100vw, 400px\" \/><\/figure>\n\n\n\n<p>Damit bieten wir B\u00fccherfreunden eine reich bebilderte Chronik Barmstedts und der Grafschaft Rantzau und zus\u00e4tzliche Aufs\u00e4tze, Bildstrecken und Reportagen zu einigen, wie wir meinen, interessanten und wichtigen Entwicklungen, Personen und Ereignissen.<\/p>\n\n\n\n<p><a href=\"https:\/\/barmstedt-geschichte.de\/?page_id=76\" data-type=\"page\" data-id=\"76\">Link zum 1. Heft<\/a> <\/p>\n\n\n\n<p><a href=\"https:\/\/barmstedt-geschichte.de\/?page_id=78\" data-type=\"page\" data-id=\"78\">Link zum 2. Heft<\/a><\/p>\n","protected":false},"excerpt":{"rendered":"<p>Zwei Hefte unserer Barmstedt-Geschichte sind bisher erschienen. Auf der Grundlage der Texte dieser Webseite entstand eine recht umfassende Chronik der Ortsgeschichte Barmstedts und seiner n\u00e4heren Umgebung, vor allem der Grafschaft Rantzau. Dabei war es der Anspruch der Autoren, zwischen verl\u00e4sslicher wissenschaftlich fundierter Darstellung und f\u00fcr Laien guter Lesbarkeit das richtige Verh\u00e4ltnis zu finden. Bisher ist<\/p><\/div>\n<div class=\"blog-btn\"><a href=\"https:\/\/barmstedt-geschichte.de\/?page_id=29\" class=\"home-blog-btn\">Weiterlesen<\/a><\/p>\n","protected":false},"author":1,"featured_media":0,"parent":0,"menu_order":0,"comment_status":"closed","ping_status":"closed","template":"","meta":{"ngg_post_thumbnail":0,"footnotes":""},"class_list":["post-29","page","type-page","status-publish","hentry"],"_links":{"self":[{"href":"https:\/\/barmstedt-geschichte.de\/index.php?rest_route=\/wp\/v2\/pages\/29","targetHints":{"allow":["GET"]}}],"collection":[{"href":"https:\/\/barmstedt-geschichte.de\/index.php?rest_route=\/wp\/v2\/pages"}],"about":[{"href":"https:\/\/barmstedt-geschichte.de\/index.php?rest_route=\/wp\/v2\/types\/page"}],"author":[{"embeddable":true,"href":"https:\/\/barmstedt-geschichte.de\/index.php?rest_route=\/wp\/v2\/users\/1"}],"replies":[{"embeddable":true,"href":"https:\/\/barmstedt-geschichte.de\/index.php?rest_route=%2Fwp%2Fv2%2Fcomments&post=29"}],"version-history":[{"count":4,"href":"https:\/\/barmstedt-geschichte.de\/index.php?rest_route=\/wp\/v2\/pages\/29\/revisions"}],"predecessor-version":[{"id":88,"href":"https:\/\/barmstedt-geschichte.de\/index.php?rest_route=\/wp\/v2\/pages\/29\/revisions\/88"}],"wp:attachment":[{"href":"https:\/\/barmstedt-geschichte.de\/index.php?rest_route=%2Fwp%2Fv2%2Fmedia&parent=29"}],"curies":[{"name":"wp","href":"https:\/\/api.w.org\/{rel}","templated":true}]}}